{"id":2041,"date":"2021-05-12T13:45:41","date_gmt":"2021-05-12T13:45:41","guid":{"rendered":"https:\/\/qcrepes.it\/?page_id=2041"},"modified":"2023-01-10T15:47:22","modified_gmt":"2023-01-10T15:47:22","slug":"robocrepes-3-0-pancake-macchina-professionale-crepes","status":"publish","type":"page","link":"https:\/\/cappelli1930.it\/crepes\/robocrepes-3-0-pancake-macchina-professionale-crepes\/","title":{"rendered":"Robocrepes 3.0 Pancake"},"content":{"rendered":"<div class=\"wpb-content-wrapper\"><p>[vc_row type=&#8221;vc_default&#8221; full_width=&#8221;stretch_row_content&#8221; equal_height=&#8221;yes&#8221; content_placement=&#8221;middle&#8221; bg_type=&#8221;bg_color&#8221; seperator_enable=&#8221;seperator_enable_value&#8221; seperator_type=&#8221;xlarge_triangle_seperator&#8221; seperator_position=&#8221;top_bottom_seperator&#8221; bg_color_value=&#8221;#f4c539&#8243; css=&#8221;.vc_custom_1620826234292{padding-bottom: 20px !important;}&#8221;][vc_column width=&#8221;1\/2&#8243; css=&#8221;.vc_custom_1620662910635{background-color: #ffffff !important;}&#8221;]<style type=\"text\/css\" data-type=\"the7_shortcodes-inline-css\">.gallery-carousel-shortcode.gallery-carousel-shortcode-id-ae237a6e4edc6ee59d556412504c2444.owl-carousel .owl-nav div {\n  width: 36px;\n  height: 36px;\n  border-radius: 500px;\n}\n.dt-arrow-border-on.gallery-carousel-shortcode.gallery-carousel-shortcode-id-ae237a6e4edc6ee59d556412504c2444.owl-carousel .owl-nav div:not(:hover):before {\n  border-width: 0px;\n}\n.dt-arrow-hover-border-on.gallery-carousel-shortcode.gallery-carousel-shortcode-id-ae237a6e4edc6ee59d556412504c2444.owl-carousel .owl-nav div:hover:after {\n  border-width: 0px;\n}\n.gallery-carousel-shortcode.gallery-carousel-shortcode-id-ae237a6e4edc6ee59d556412504c2444.owl-carousel .owl-nav div.owl-prev {\n  top: 50%;\n  transform: translateY(calc(-50% + 0px));\n  left: -43px;\n}\n@media all and (-ms-high-contrast: none) {\n  .gallery-carousel-shortcode.gallery-carousel-shortcode-id-ae237a6e4edc6ee59d556412504c2444.owl-carousel .owl-nav div.owl-prev {\n    transform: translateY(-50%);\n    margin-top: 0px;\n  }\n}\n.gallery-carousel-shortcode.gallery-carousel-shortcode-id-ae237a6e4edc6ee59d556412504c2444.owl-carousel .owl-nav div.owl-prev i {\n  padding: 0px 0px 0px 0px;\n}\n.gallery-carousel-shortcode.gallery-carousel-shortcode-id-ae237a6e4edc6ee59d556412504c2444.owl-carousel .owl-nav div.owl-next {\n  top: 50%;\n  transform: translateY(calc(-50% + 0px));\n  right: -43px;\n}\n@media all and (-ms-high-contrast: none) {\n  .gallery-carousel-shortcode.gallery-carousel-shortcode-id-ae237a6e4edc6ee59d556412504c2444.owl-carousel .owl-nav div.owl-next {\n    transform: translateY(-50%);\n    margin-top: 0px;\n  }\n}\n.gallery-carousel-shortcode.gallery-carousel-shortcode-id-ae237a6e4edc6ee59d556412504c2444.owl-carousel .owl-nav div.owl-next i {\n  padding: 0px 0px 0px 0px;\n}\n.gallery-carousel-shortcode.gallery-carousel-shortcode-id-ae237a6e4edc6ee59d556412504c2444.owl-carousel .owl-nav i {\n  font-size: 18px;\n}\n.gallery-carousel-shortcode.gallery-carousel-shortcode-id-ae237a6e4edc6ee59d556412504c2444.owl-carousel .owl-nav div:not(:hover) i,\n.gallery-carousel-shortcode.gallery-carousel-shortcode-id-ae237a6e4edc6ee59d556412504c2444.owl-carousel .owl-nav div:not(:hover) i:before {\n  color: #ffffff;\n  background: none;\n}\n.gallery-carousel-shortcode.gallery-carousel-shortcode-id-ae237a6e4edc6ee59d556412504c2444.owl-carousel .owl-nav div:hover i,\n.gallery-carousel-shortcode.gallery-carousel-shortcode-id-ae237a6e4edc6ee59d556412504c2444.owl-carousel .owl-nav div:hover i:before {\n  color: rgba(255,255,255,0.75);\n  background: none;\n}\n.gallery-carousel-shortcode.gallery-carousel-shortcode-id-ae237a6e4edc6ee59d556412504c2444 .owl-dots {\n  top: calc(100% + 20px);\n  left: 50%;\n  transform: translateX(calc(-50% + 0px));\n}\n@media all and (-ms-high-contrast: none) {\n  .gallery-carousel-shortcode.gallery-carousel-shortcode-id-ae237a6e4edc6ee59d556412504c2444 .owl-dots {\n    transform: translateX(-50%);\n    margin-left: 0px;\n  }\n}\n.gallery-carousel-shortcode.gallery-carousel-shortcode-id-ae237a6e4edc6ee59d556412504c2444 .owl-dot {\n  width: 10px;\n  height: 10px;\n  margin: 0 8px;\n}\n.bullets-scale-up.gallery-carousel-shortcode.gallery-carousel-shortcode-id-ae237a6e4edc6ee59d556412504c2444 .owl-dot:not(.active):not(:hover) span {\n  background: #462c1d;\n  box-shadow: none;\n}\n.bullets-stroke.gallery-carousel-shortcode.gallery-carousel-shortcode-id-ae237a6e4edc6ee59d556412504c2444 .owl-dot:not(.active):not(:hover) span {\n  background: #462c1d;\n  box-shadow: none;\n}\n.bullets-fill-in.gallery-carousel-shortcode.gallery-carousel-shortcode-id-ae237a6e4edc6ee59d556412504c2444 .owl-dot:not(.active):not(:hover) span {\n  box-shadow: inset 0 0 0 2px #462c1d;\n}\n.bullets-small-dot-stroke.gallery-carousel-shortcode.gallery-carousel-shortcode-id-ae237a6e4edc6ee59d556412504c2444 .owl-dot:not(.active):not(:hover) span {\n  background: #462c1d;\n  box-shadow: none;\n}\n.bullets-ubax.gallery-carousel-shortcode.gallery-carousel-shortcode-id-ae237a6e4edc6ee59d556412504c2444 .owl-dot span {\n  background: #462c1d;\n  box-shadow: none;\n}\n.bullets-etefu.gallery-carousel-shortcode.gallery-carousel-shortcode-id-ae237a6e4edc6ee59d556412504c2444 .owl-dot span {\n  background: #462c1d;\n  box-shadow: none;\n}\n@media screen and (max-width: 778px) {\n  .gallery-carousel-shortcode.gallery-carousel-shortcode-id-ae237a6e4edc6ee59d556412504c2444.hide-arrows .owl-nav a {\n    display: none;\n  }\n}\n@media screen and (max-width: 778px) {\n  .gallery-carousel-shortcode.gallery-carousel-shortcode-id-ae237a6e4edc6ee59d556412504c2444.reposition-arrows .owl-nav div.owl-prev {\n    top: 50%;\n    transform: translateY(calc(-50% + 0px));\n    left: 10px;\n  }\n  .gallery-carousel-shortcode.gallery-carousel-shortcode-id-ae237a6e4edc6ee59d556412504c2444.reposition-arrows .owl-nav div.owl-next {\n    top: 50%;\n    transform: translateY(calc(-50% + 0px));\n    right: 10px;\n  }\n}\n@media screen and (max-width: 778px) and all and (-ms-high-contrast: none) {\n  .gallery-carousel-shortcode.gallery-carousel-shortcode-id-ae237a6e4edc6ee59d556412504c2444.reposition-arrows .owl-nav div.owl-prev {\n    transform: translateY(-50%);\n    margin-top: 0px;\n  }\n}\n@media screen and (max-width: 778px) and all and (-ms-high-contrast: none) {\n  .gallery-carousel-shortcode.gallery-carousel-shortcode-id-ae237a6e4edc6ee59d556412504c2444.reposition-arrows .owl-nav div.owl-next {\n    transform: translateY(-50%);\n    margin-top: 0px;\n  }\n}\n.gallery-carousel-shortcode.gallery-carousel-shortcode-id-ae237a6e4edc6ee59d556412504c2444 figure,\n.gallery-carousel-shortcode.gallery-carousel-shortcode-id-ae237a6e4edc6ee59d556412504c2444 .rollover,\n.gallery-carousel-shortcode.gallery-carousel-shortcode-id-ae237a6e4edc6ee59d556412504c2444 img,\n.gallery-carousel-shortcode.gallery-carousel-shortcode-id-ae237a6e4edc6ee59d556412504c2444 .gallery-rollover {\n  border-radius: 0px;\n}\n.gallery-carousel-shortcode.gallery-carousel-shortcode-id-ae237a6e4edc6ee59d556412504c2444.enable-bg-rollover .gallery-rollover {\n  background: -webkit-linear-gradient();\n  background: linear-gradient();\n}\n.gallery-carousel-shortcode.gallery-carousel-shortcode-id-ae237a6e4edc6ee59d556412504c2444.enable-img-shadow .owl-stage-outer {\n  padding: 14px 0;\n}\n.gallery-carousel-shortcode.gallery-carousel-shortcode-id-ae237a6e4edc6ee59d556412504c2444.enable-bg-rollover.hover-scale figure .rollover:after {\n  background: -webkit-linear-gradient();\n  background: linear-gradient();\n}\n.gallery-carousel-shortcode.gallery-carousel-shortcode-id-ae237a6e4edc6ee59d556412504c2444.gallery-shortcode .gallery-zoom-ico {\n  width: 44px;\n  height: 44px;\n  line-height: 44px;\n  border-radius: 100px;\n  margin: -22px 0 0 -22px;\n  border-width: 0px;\n}\n.dt-icon-bg-on.gallery-carousel-shortcode.gallery-carousel-shortcode-id-ae237a6e4edc6ee59d556412504c2444.gallery-shortcode .gallery-zoom-ico {\n  background: rgba(255,255,255,0.3);\n  box-shadow: none;\n}\n.gallery-carousel-shortcode.gallery-carousel-shortcode-id-ae237a6e4edc6ee59d556412504c2444.gallery-shortcode .gallery-zoom-ico:before,\n.gallery-carousel-shortcode.gallery-carousel-shortcode-id-ae237a6e4edc6ee59d556412504c2444.gallery-shortcode .gallery-zoom-ico span {\n  font-size: 32px;\n  line-height: 44px;\n  color: #ffffff;\n  background: none;\n}<\/style><div class=\"owl-carousel gallery-carousel-shortcode gallery-shortcode  dt-gallery-container dt-owl-carousel-call gallery-carousel-shortcode-id-ae237a6e4edc6ee59d556412504c2444 meta-info-off dt-arrow-border-on dt-arrow-hover-border-on bullets-small-dot-stroke reposition-arrows dt-icon-bg-off arrows-bg-on disable-arrows-hover-bg arrows-hover-bg-on  hover-fade \" data-scroll-mode=\"1\" data-col-num=\"2\" data-wide-col-num=\"2\" data-laptop-col=\"2\" data-h-tablet-columns-num=\"2\" data-v-tablet-columns-num=\"1\" data-phone-columns-num=\"1\" data-col-gap=\"10\" data-stage-padding=\"0\" data-speed=\"600\" data-autoplay=\"true\" data-autoplay_speed=\"6000\" data-arrows=\"true\" data-bullet=\"true\" data-next-icon=\"icon-ar-017-r\" data-prev-icon=\"icon-ar-017-l\" data-img-shadow-size=\"12px\" data-img-shadow-spread=\"3px\"><div data-post-id=\"1953\" data-date=\"2021-04-06T11:19:00+00:00\" data-name=\"robopanc5\"><figure class=\"post\"><a href=\"https:\/\/cappelli1930.it\/crepes\/wp-content\/uploads\/2019\/07\/robopanc5.jpeg\" class=\"rollover dt-pswp-item layzr-bg\" data-large_image_width=\"599\" data-large_image_height=\"515\" data-dt-img-description=\"\" title=\"robopanc5\"><img fetchpriority=\"high\" decoding=\"async\" class=\"preload-me owl-lazy-load aspect\" src=\"data:image\/svg+xml,%3Csvg%20xmlns%3D&#39;http%3A%2F%2Fwww.w3.org%2F2000%2Fsvg&#39;%20viewBox%3D&#39;0%200%20515%20515&#39;%2F%3E\" data-src=\"https:\/\/cappelli1930.it\/crepes\/wp-content\/uploads\/2019\/07\/robopanc5-515x515.jpeg\" data-srcset=\"https:\/\/cappelli1930.it\/crepes\/wp-content\/uploads\/2019\/07\/robopanc5-515x515.jpeg 515w\" loading=\"eager\" style=\"--ratio: 515 \/ 515\" sizes=\"(max-width: 515px) 100vw, 515px\" alt=\"\" width=\"515\" height=\"515\"  \/><span class=\"gallery-rollover\"><\/span><\/a><\/figure><\/div><div data-post-id=\"1946\" data-date=\"2021-04-06T10:52:43+00:00\" data-name=\"robopanc\"><figure class=\"post\"><a href=\"https:\/\/cappelli1930.it\/crepes\/wp-content\/uploads\/2019\/07\/robopanc.jpeg\" class=\"rollover dt-pswp-item layzr-bg\" data-large_image_width=\"484\" data-large_image_height=\"376\" data-dt-img-description=\"\" title=\"robopanc\"><img decoding=\"async\" class=\"preload-me owl-lazy-load aspect\" src=\"data:image\/svg+xml,%3Csvg%20xmlns%3D&#39;http%3A%2F%2Fwww.w3.org%2F2000%2Fsvg&#39;%20viewBox%3D&#39;0%200%20376%20376&#39;%2F%3E\" data-src=\"https:\/\/cappelli1930.it\/crepes\/wp-content\/uploads\/2019\/07\/robopanc-376x376.jpeg\" data-srcset=\"https:\/\/cappelli1930.it\/crepes\/wp-content\/uploads\/2019\/07\/robopanc-376x376.jpeg 376w\" loading=\"eager\" style=\"--ratio: 376 \/ 376\" sizes=\"(max-width: 376px) 100vw, 376px\" alt=\"\" width=\"376\" height=\"376\"  \/><span class=\"gallery-rollover\"><\/span><\/a><\/figure><\/div><div data-post-id=\"1952\" data-date=\"2021-04-06T11:18:47+00:00\" data-name=\"robopanc4\"><figure class=\"post\"><a href=\"https:\/\/cappelli1930.it\/crepes\/wp-content\/uploads\/2019\/07\/robopanc4.jpeg\" class=\"rollover dt-pswp-item layzr-bg\" data-large_image_width=\"532\" data-large_image_height=\"471\" data-dt-img-description=\"\" title=\"robopanc4\"><img decoding=\"async\" class=\"preload-me owl-lazy-load aspect\" src=\"data:image\/svg+xml,%3Csvg%20xmlns%3D&#39;http%3A%2F%2Fwww.w3.org%2F2000%2Fsvg&#39;%20viewBox%3D&#39;0%200%20471%20471&#39;%2F%3E\" data-src=\"https:\/\/cappelli1930.it\/crepes\/wp-content\/uploads\/2019\/07\/robopanc4-471x471.jpeg\" data-srcset=\"https:\/\/cappelli1930.it\/crepes\/wp-content\/uploads\/2019\/07\/robopanc4-471x471.jpeg 471w\" loading=\"eager\" style=\"--ratio: 471 \/ 471\" sizes=\"(max-width: 471px) 100vw, 471px\" alt=\"\" width=\"471\" height=\"471\"  \/><span class=\"gallery-rollover\"><\/span><\/a><\/figure><\/div><div data-post-id=\"1948\" data-date=\"2021-04-06T10:53:38+00:00\" data-name=\"robopanc3\"><figure class=\"post\"><a href=\"https:\/\/cappelli1930.it\/crepes\/wp-content\/uploads\/2019\/07\/robopanc3.jpeg\" class=\"rollover dt-pswp-item layzr-bg\" data-large_image_width=\"718\" data-large_image_height=\"434\" data-dt-img-description=\"\" title=\"robopanc3\"><img decoding=\"async\" class=\"preload-me owl-lazy-load aspect\" src=\"data:image\/svg+xml,%3Csvg%20xmlns%3D&#39;http%3A%2F%2Fwww.w3.org%2F2000%2Fsvg&#39;%20viewBox%3D&#39;0%200%20434%20434&#39;%2F%3E\" data-src=\"https:\/\/cappelli1930.it\/crepes\/wp-content\/uploads\/2019\/07\/robopanc3-434x434.jpeg\" data-srcset=\"https:\/\/cappelli1930.it\/crepes\/wp-content\/uploads\/2019\/07\/robopanc3-434x434.jpeg 434w\" loading=\"eager\" style=\"--ratio: 434 \/ 434\" sizes=\"(max-width: 434px) 100vw, 434px\" alt=\"\" width=\"434\" height=\"434\"  \/><span class=\"gallery-rollover\"><\/span><\/a><\/figure><\/div><\/div>[\/vc_column][vc_column width=&#8221;1\/2&#8243;]<div id=\"ultimate-heading-826669dfc5a71574b\" class=\"uvc-heading ult-adjust-bottom-margin ultimate-heading-826669dfc5a71574b uvc-2159 \" data-hspacer=\"no_spacer\"  data-halign=\"center\" style=\"text-align:center\"><div class=\"uvc-heading-spacer no_spacer\" style=\"top\"><\/div><div class=\"uvc-main-heading ult-responsive\"  data-ultimate-target='.uvc-heading.ultimate-heading-826669dfc5a71574b h2'  data-responsive-json-new='{\"font-size\":\"desktop:70px;\",\"line-height\":\"\"}' ><h2 style=\"--font-weight:theme;margin-top:40px;\">Robocrepes 3.0 Pancake<\/h2><\/div><div class=\"uvc-sub-heading ult-responsive\"  data-ultimate-target='.uvc-heading.ultimate-heading-826669dfc5a71574b .uvc-sub-heading '  data-responsive-json-new='{\"font-size\":\"\",\"line-height\":\"\"}'  style=\"font-weight:bold;\">Macchina Professionale per Crepes<\/div><\/div>[\/vc_column][\/vc_row][vc_row type=&#8221;vc_default&#8221; full_width=&#8221;stretch_row_content&#8221; equal_height=&#8221;yes&#8221; content_placement=&#8221;middle&#8221; bg_type=&#8221;bg_color&#8221; seperator_enable=&#8221;seperator_enable_value&#8221; seperator_type=&#8221;xlarge_triangle_seperator&#8221; seperator_position=&#8221;top_bottom_seperator&#8221; bg_color_value=&#8221;rgba(70,44,29,0.23)&#8221; css=&#8221;.vc_custom_1620658042577{padding-top: 50px !important;}&#8221;][vc_column width=&#8221;1\/2&#8243;][vc_video link=&#8221;https:\/\/youtu.be\/jZTwLAflBMM&#8221;][\/vc_column][vc_column width=&#8221;1\/2&#8243; css=&#8221;.vc_custom_1620657901005{padding-top: 20px !important;}&#8221;][vc_custom_heading text=&#8221;La Robocr\u00e8pes 3.0 \u2013 Pancake \u00e8 la pi\u00f9 grande delle Macchine Professionali per Cr\u00e8pes in termini di potenza. Compatta interamente in Acciaio, grazie alla sua piastra per Pancake puo\u2019 cuocere sia questi che le crepes tradizionali.&#8221; font_container=&#8221;tag:h4|text_align:left&#8221; google_fonts=&#8221;font_family:Montserrat%3Aregular%2C700|font_style:400%20regular%3A400%3Anormal&#8221;][\/vc_column][\/vc_row][vc_row type=&#8221;vc_default&#8221; full_width=&#8221;stretch_row_content&#8221; equal_height=&#8221;yes&#8221; content_placement=&#8221;middle&#8221; bg_type=&#8221;bg_color&#8221; css=&#8221;.vc_custom_1620659130073{padding-top: 50px !important;padding-bottom: 50px !important;}&#8221;][vc_column width=&#8221;1\/2&#8243;][vc_single_image image=&#8221;2287&#8243; img_size=&#8221;500&#215;500&#8243; alignment=&#8221;center&#8221; css_animation=&#8221;bounceInLeft&#8221;][\/vc_column][vc_column width=&#8221;1\/2&#8243; css=&#8221;.vc_custom_1620657901005{padding-top: 20px !important;}&#8221;]<div id=\"ultimate-heading-564069dfc5a7157dd\" class=\"uvc-heading ult-adjust-bottom-margin ultimate-heading-564069dfc5a7157dd uvc-8584 \" data-hspacer=\"no_spacer\"  data-halign=\"left\" style=\"text-align:left\"><div class=\"uvc-heading-spacer no_spacer\" style=\"top\"><\/div><div class=\"uvc-main-heading ult-responsive\"  data-ultimate-target='.uvc-heading.ultimate-heading-564069dfc5a7157dd h2'  data-responsive-json-new='{\"font-size\":\"desktop:50px;\",\"line-height\":\"\"}' ><h2 style=\"font-weight:bold;margin-top:40px;\">Scheda Tecnica<\/h2><\/div><div class=\"uvc-sub-heading ult-responsive\"  data-ultimate-target='.uvc-heading.ultimate-heading-564069dfc5a7157dd .uvc-sub-heading '  data-responsive-json-new='{\"font-size\":\"\",\"line-height\":\"\"}'  style=\"font-weight:normal;\"><\/p>\n<ul>\n<li>Struttura in acciaio CROM.<\/li>\n<li>Piani in ghisa sferiodale con trattamento antiaderente elettrolitico per uso<br \/>\nalimentare<\/li>\n<li>Termostato meccanico<\/li>\n<li>Interruttore accensione ON-OFF<\/li>\n<li>Spia temperatura<\/li>\n<li>Certificazione CE<\/li>\n<li>Ten: 220 volt<\/li>\n<li>Potenza : 2.500 w<\/li>\n<li>Peso : 30 kg<\/li>\n<li>con coperchio aperto : h 640 mm<\/li>\n<li><\/li>\n<\/ul>\n<p><\/div><\/div>[\/vc_column][\/vc_row][vc_row type=&#8221;vc_default&#8221; full_width=&#8221;stretch_row&#8221; equal_height=&#8221;yes&#8221; content_placement=&#8221;middle&#8221; bg_type=&#8221;bg_color&#8221; bg_color_value=&#8221;#f4c539&#8243; css=&#8221;.vc_custom_1620659669397{padding-top: 20px !important;padding-bottom: 20px !important;}&#8221;][vc_column width=&#8221;1\/3&#8243;][vc_single_image image=&#8221;1995&#8243; alignment=&#8221;center&#8221; style=&#8221;vc_box_border_circle_2&#8243; title=&#8221;Tempo di cottura ridotto&#8221;][\/vc_column][vc_column width=&#8221;1\/3&#8243;][vc_single_image image=&#8221;2001&#8243; alignment=&#8221;center&#8221; style=&#8221;vc_box_border_circle_2&#8243; title=&#8221;1 Crepes ogni 40&#8242;&#8221;][\/vc_column][vc_column width=&#8221;1\/3&#8243;][vc_single_image image=&#8221;2003&#8243; alignment=&#8221;center&#8221; style=&#8221;vc_box_border_circle_2&#8243; title=&#8221;Facile Pulizia&#8221;][\/vc_column][\/vc_row][vc_row type=&#8221;vc_default&#8221; full_width=&#8221;stretch_row_content&#8221; equal_height=&#8221;yes&#8221; content_placement=&#8221;middle&#8221; seperator_enable=&#8221;seperator_enable_value&#8221; seperator_type=&#8221;xlarge_triangle_seperator&#8221; seperator_position=&#8221;top_bottom_seperator&#8221; seperator_svg_height=&#8221;50&#8243; css=&#8221;.vc_custom_1620659786648{padding-top: 40px !important;}&#8221;][vc_column width=&#8221;1\/2&#8243; css=&#8221;.vc_custom_1620659745020{padding-top: 20px !important;padding-bottom: 20px !important;}&#8221;]<div id=\"ultimate-heading-540569dfc5a715841\" class=\"uvc-heading ult-adjust-bottom-margin ultimate-heading-540569dfc5a715841 uvc-2246  uvc-heading-default-font-sizes\" data-hspacer=\"no_spacer\"  data-halign=\"center\" style=\"text-align:center\"><div class=\"uvc-heading-spacer no_spacer\" style=\"top\"><\/div><div class=\"uvc-main-heading ult-responsive\"  data-ultimate-target='.uvc-heading.ultimate-heading-540569dfc5a715841 h2'  data-responsive-json-new='{\"font-size\":\"\",\"line-height\":\"\"}' ><h2 style=\"--font-weight:theme;\">Puoi Averla in Comodato<\/h2><\/div><div class=\"uvc-sub-heading ult-responsive\"  data-ultimate-target='.uvc-heading.ultimate-heading-540569dfc5a715841 .uvc-sub-heading '  data-responsive-json-new='{\"font-size\":\"\",\"line-height\":\"\"}'  style=\"font-weight:normal;\">Grazie alla nostra <a title=\"Comodato Macchina per Crepes\" href=\"https:\/\/cappelli1930.it\/crepes\/comodato-macchina-per-crepes\/\">Formula in Comodato<\/a>, potrai avviare la tua attivit\u00e0 senza grandi investimenti economici, noi ti forniremo tutto il necessario per servire e decorare i tuoi dessert. In pi\u00f9 offriamo menu&#8217;, locandine che ti serviranno per esporre i prodotti nel tuo negozio.<\/div><\/div>[\/vc_column][vc_column width=&#8221;1\/2&#8243; css=&#8221;.vc_custom_1620659762494{padding-top: 20px !important;padding-bottom: 20px !important;}&#8221;]<div id=\"ultimate-heading-78169dfc5a715886\" class=\"uvc-heading ult-adjust-bottom-margin ultimate-heading-78169dfc5a715886 uvc-7592  uvc-heading-default-font-sizes\" data-hspacer=\"no_spacer\"  data-halign=\"center\" style=\"text-align:center\"><div class=\"uvc-heading-spacer no_spacer\" style=\"top\"><\/div><div class=\"uvc-main-heading ult-responsive\"  data-ultimate-target='.uvc-heading.ultimate-heading-78169dfc5a715886 h2'  data-responsive-json-new='{\"font-size\":\"\",\"line-height\":\"\"}' ><h2 style=\"--font-weight:theme;\">..oppure in Acquisto<\/h2><\/div><div class=\"uvc-sub-heading ult-responsive\"  data-ultimate-target='.uvc-heading.ultimate-heading-78169dfc5a715886 .uvc-sub-heading '  data-responsive-json-new='{\"font-size\":\"\",\"line-height\":\"\"}'  style=\"font-weight:normal;\">Puoi aprire il tuo corner nella tua attivit\u00e0.<\/div><\/div>[\/vc_column][\/vc_row][vc_row type=&#8221;vc_default&#8221; css=&#8221;.vc_custom_1620660169551{padding-top: 30px !important;}&#8221;][vc_column]<div class=\" ubtn-ctn-center \"><a class=\"ubtn-link ult-adjust-bottom-margin ubtn-center ubtn-large \" href=\"https:\/\/cappelli1930.it\/crepes\/#!\/contact\" title=\"Contatti\" ><button type=\"button\" id=\"ubtn-1923\"  class=\"ubtn ult-adjust-bottom-margin ult-responsive ubtn-large ubtn-fade-bg  none  ubtn-sep-icon ubtn-sep-icon-left  ubtn-center   tooltip-69dfc5a7158ce\"  data-hover=\"\" data-border-color=\"#cdbda3\" data-bg=\"#462c1d\" data-hover-bg=\"#cdbda3\" data-border-hover=\"\" data-shadow-hover=\"\" data-shadow-click=\"none\" data-shadow=\"\" data-shd-shadow=\"\"  data-ultimate-target='#ubtn-1923'  data-responsive-json-new='{\"font-size\":\"desktop:30px;\",\"line-height\":\"\"}'  style=\"font-weight:bold;border-radius:3px;border-width:1px;border-color:#cdbda3;border-style:solid;background: #462c1d;color: #ffffff;\"><span class=\"ubtn-data ubtn-icon\"><i class=\"icomoon-the7-font-the7-mail-011\" style=\"font-size:48px;color:#ffffff;\"><\/i><\/span><span class=\"ubtn-hover\" style=\"background-color:#cdbda3\"><\/span><span class=\"ubtn-data ubtn-text \" >RICHIEDI INFORMAZIONI<\/span><\/button><\/a><\/div>[\/vc_column][\/vc_row]<\/p>\n<\/div>","protected":false},"excerpt":{"rendered":"<p>[vc_row type=&#8221;vc_default&#8221; full_width=&#8221;stretch_row_content&#8221; equal_height=&#8221;yes&#8221; content_placement=&#8221;middle&#8221; bg_type=&#8221;bg_color&#8221; seperator_enable=&#8221;seperator_enable_value&#8221; seperator_type=&#8221;xlarge_triangle_seperator&#8221; seperator_position=&#8221;top_bottom_seperator&#8221; bg_color_value=&#8221;#f4c539&#8243; css=&#8221;.vc_custom_1620826234292{padding-bottom: 20px !important;}&#8221;][vc_column width=&#8221;1\/2&#8243; css=&#8221;.vc_custom_1620662910635{background-color: #ffffff !important;}&#8221;][\/vc_column][vc_column width=&#8221;1\/2&#8243;][\/vc_column][\/vc_row][vc_row type=&#8221;vc_default&#8221; full_width=&#8221;stretch_row_content&#8221; equal_height=&#8221;yes&#8221; content_placement=&#8221;middle&#8221; bg_type=&#8221;bg_color&#8221; seperator_enable=&#8221;seperator_enable_value&#8221; seperator_type=&#8221;xlarge_triangle_seperator&#8221; seperator_position=&#8221;top_bottom_seperator&#8221; bg_color_value=&#8221;rgba(70,44,29,0.23)&#8221; css=&#8221;.vc_custom_1620658042577{padding-top: 50px !important;}&#8221;][vc_column width=&#8221;1\/2&#8243;][vc_video link=&#8221;https:\/\/youtu.be\/jZTwLAflBMM&#8221;][\/vc_column][vc_column width=&#8221;1\/2&#8243; css=&#8221;.vc_custom_1620657901005{padding-top: 20px !important;}&#8221;][vc_custom_heading text=&#8221;La Robocr\u00e8pes 3.0 \u2013 Pancake \u00e8 la pi\u00f9 grande delle Macchine Professionali per Cr\u00e8pes in termini di potenza. Compatta&hellip;<\/p>\n","protected":false},"author":1,"featured_media":0,"parent":0,"menu_order":0,"comment_status":"closed","ping_status":"closed","template":"","meta":{"footnotes":""},"class_list":["post-2041","page","type-page","status-publish","hentry","description-off"],"aioseo_notices":[],"_links":{"self":[{"href":"https:\/\/cappelli1930.it\/crepes\/wp-json\/wp\/v2\/pages\/2041","targetHints":{"allow":["GET"]}}],"collection":[{"href":"https:\/\/cappelli1930.it\/crepes\/wp-json\/wp\/v2\/pages"}],"about":[{"href":"https:\/\/cappelli1930.it\/crepes\/wp-json\/wp\/v2\/types\/page"}],"author":[{"embeddable":true,"href":"https:\/\/cappelli1930.it\/crepes\/wp-json\/wp\/v2\/users\/1"}],"replies":[{"embeddable":true,"href":"https:\/\/cappelli1930.it\/crepes\/wp-json\/wp\/v2\/comments?post=2041"}],"version-history":[{"count":22,"href":"https:\/\/cappelli1930.it\/crepes\/wp-json\/wp\/v2\/pages\/2041\/revisions"}],"predecessor-version":[{"id":2350,"href":"https:\/\/cappelli1930.it\/crepes\/wp-json\/wp\/v2\/pages\/2041\/revisions\/2350"}],"wp:attachment":[{"href":"https:\/\/cappelli1930.it\/crepes\/wp-json\/wp\/v2\/media?parent=2041"}],"curies":[{"name":"wp","href":"https:\/\/api.w.org\/{rel}","templated":true}]}}