{"id":1899,"date":"2021-08-27T15:35:50","date_gmt":"2021-08-27T15:35:50","guid":{"rendered":"https:\/\/qorange.it\/?page_id=1899"},"modified":"2022-12-06T14:37:18","modified_gmt":"2022-12-06T14:37:18","slug":"spremiagrumi-professionale-qxc-4","status":"publish","type":"page","link":"https:\/\/cappelli1930.it\/orange\/spremiagrumi-professionale-qxc-4\/","title":{"rendered":"Spremiagrumi QXC-4"},"content":{"rendered":"<div class=\"wpb-content-wrapper\"><p>[vc_row type=&#8221;vc_default&#8221; full_width=&#8221;stretch_row_content&#8221; equal_height=&#8221;yes&#8221; content_placement=&#8221;middle&#8221; bg_type=&#8221;bg_color&#8221; seperator_enable=&#8221;seperator_enable_value&#8221; seperator_type=&#8221;xlarge_triangle_seperator&#8221; seperator_position=&#8221;top_bottom_seperator&#8221; bg_color_value=&#8221;#e97d1f&#8221;][vc_column width=&#8221;1\/2&#8243; css=&#8221;.vc_custom_1630067378650{background-color: #ffffff !important;}&#8221;]<style type=\"text\/css\" data-type=\"the7_shortcodes-inline-css\">.gallery-carousel-shortcode.gallery-carousel-shortcode-id-12789572746ae4ff61116b3b72fd8a11.owl-carousel .owl-nav div {\n  width: 36px;\n  height: 36px;\n  border-radius: 500px;\n}\n.dt-arrow-border-on.gallery-carousel-shortcode.gallery-carousel-shortcode-id-12789572746ae4ff61116b3b72fd8a11.owl-carousel .owl-nav div:not(:hover):before {\n  border-width: 0px;\n}\n.dt-arrow-hover-border-on.gallery-carousel-shortcode.gallery-carousel-shortcode-id-12789572746ae4ff61116b3b72fd8a11.owl-carousel .owl-nav div:hover:after {\n  border-width: 0px;\n}\n.gallery-carousel-shortcode.gallery-carousel-shortcode-id-12789572746ae4ff61116b3b72fd8a11.owl-carousel .owl-nav div.owl-prev {\n  top: 50%;\n  transform: translateY(calc(-50% + 0px));\n  left: -43px;\n}\n@media all and (-ms-high-contrast: none) {\n  .gallery-carousel-shortcode.gallery-carousel-shortcode-id-12789572746ae4ff61116b3b72fd8a11.owl-carousel .owl-nav div.owl-prev {\n    transform: translateY(-50%);\n    margin-top: 0px;\n  }\n}\n.gallery-carousel-shortcode.gallery-carousel-shortcode-id-12789572746ae4ff61116b3b72fd8a11.owl-carousel .owl-nav div.owl-prev i {\n  padding: 0px 0px 0px 0px;\n}\n.gallery-carousel-shortcode.gallery-carousel-shortcode-id-12789572746ae4ff61116b3b72fd8a11.owl-carousel .owl-nav div.owl-next {\n  top: 50%;\n  transform: translateY(calc(-50% + 0px));\n  right: -43px;\n}\n@media all and (-ms-high-contrast: none) {\n  .gallery-carousel-shortcode.gallery-carousel-shortcode-id-12789572746ae4ff61116b3b72fd8a11.owl-carousel .owl-nav div.owl-next {\n    transform: translateY(-50%);\n    margin-top: 0px;\n  }\n}\n.gallery-carousel-shortcode.gallery-carousel-shortcode-id-12789572746ae4ff61116b3b72fd8a11.owl-carousel .owl-nav div.owl-next i {\n  padding: 0px 0px 0px 0px;\n}\n.gallery-carousel-shortcode.gallery-carousel-shortcode-id-12789572746ae4ff61116b3b72fd8a11.owl-carousel .owl-nav i {\n  font-size: 18px;\n}\n.gallery-carousel-shortcode.gallery-carousel-shortcode-id-12789572746ae4ff61116b3b72fd8a11.owl-carousel .owl-nav div:not(:hover) i,\n.gallery-carousel-shortcode.gallery-carousel-shortcode-id-12789572746ae4ff61116b3b72fd8a11.owl-carousel .owl-nav div:not(:hover) i:before {\n  color: #ffffff;\n  background: none;\n}\n.gallery-carousel-shortcode.gallery-carousel-shortcode-id-12789572746ae4ff61116b3b72fd8a11.owl-carousel .owl-nav div:hover i,\n.gallery-carousel-shortcode.gallery-carousel-shortcode-id-12789572746ae4ff61116b3b72fd8a11.owl-carousel .owl-nav div:hover i:before {\n  color: rgba(255,255,255,0.75);\n  background: none;\n}\n.gallery-carousel-shortcode.gallery-carousel-shortcode-id-12789572746ae4ff61116b3b72fd8a11 .owl-dots {\n  top: calc(100% + 20px);\n  left: 50%;\n  transform: translateX(calc(-50% + 0px));\n}\n@media all and (-ms-high-contrast: none) {\n  .gallery-carousel-shortcode.gallery-carousel-shortcode-id-12789572746ae4ff61116b3b72fd8a11 .owl-dots {\n    transform: translateX(-50%);\n    margin-left: 0px;\n  }\n}\n.gallery-carousel-shortcode.gallery-carousel-shortcode-id-12789572746ae4ff61116b3b72fd8a11 .owl-dot {\n  width: 10px;\n  height: 10px;\n  margin: 0 8px;\n}\n@media screen and (max-width: 778px) {\n  .gallery-carousel-shortcode.gallery-carousel-shortcode-id-12789572746ae4ff61116b3b72fd8a11.hide-arrows .owl-nav a {\n    display: none;\n  }\n}\n@media screen and (max-width: 778px) {\n  .gallery-carousel-shortcode.gallery-carousel-shortcode-id-12789572746ae4ff61116b3b72fd8a11.reposition-arrows .owl-nav div.owl-prev {\n    top: 50%;\n    transform: translateY(calc(-50% + 0px));\n    left: 10px;\n  }\n  .gallery-carousel-shortcode.gallery-carousel-shortcode-id-12789572746ae4ff61116b3b72fd8a11.reposition-arrows .owl-nav div.owl-next {\n    top: 50%;\n    transform: translateY(calc(-50% + 0px));\n    right: 10px;\n  }\n}\n@media screen and (max-width: 778px) and all and (-ms-high-contrast: none) {\n  .gallery-carousel-shortcode.gallery-carousel-shortcode-id-12789572746ae4ff61116b3b72fd8a11.reposition-arrows .owl-nav div.owl-prev {\n    transform: translateY(-50%);\n    margin-top: 0px;\n  }\n}\n@media screen and (max-width: 778px) and all and (-ms-high-contrast: none) {\n  .gallery-carousel-shortcode.gallery-carousel-shortcode-id-12789572746ae4ff61116b3b72fd8a11.reposition-arrows .owl-nav div.owl-next {\n    transform: translateY(-50%);\n    margin-top: 0px;\n  }\n}\n.gallery-carousel-shortcode.gallery-carousel-shortcode-id-12789572746ae4ff61116b3b72fd8a11 figure,\n.gallery-carousel-shortcode.gallery-carousel-shortcode-id-12789572746ae4ff61116b3b72fd8a11 .rollover,\n.gallery-carousel-shortcode.gallery-carousel-shortcode-id-12789572746ae4ff61116b3b72fd8a11 img,\n.gallery-carousel-shortcode.gallery-carousel-shortcode-id-12789572746ae4ff61116b3b72fd8a11 .gallery-rollover {\n  border-radius: 0px;\n}\n.gallery-carousel-shortcode.gallery-carousel-shortcode-id-12789572746ae4ff61116b3b72fd8a11.enable-bg-rollover .gallery-rollover {\n  background: -webkit-linear-gradient();\n  background: linear-gradient();\n}\n.gallery-carousel-shortcode.gallery-carousel-shortcode-id-12789572746ae4ff61116b3b72fd8a11.enable-img-shadow .owl-stage-outer {\n  padding: 14px 0;\n}\n.gallery-carousel-shortcode.gallery-carousel-shortcode-id-12789572746ae4ff61116b3b72fd8a11.enable-bg-rollover.hover-scale figure .rollover:after {\n  background: -webkit-linear-gradient();\n  background: linear-gradient();\n}\n.gallery-carousel-shortcode.gallery-carousel-shortcode-id-12789572746ae4ff61116b3b72fd8a11.gallery-shortcode .gallery-zoom-ico {\n  width: 44px;\n  height: 44px;\n  line-height: 44px;\n  border-radius: 100px;\n  margin: -22px 0 0 -22px;\n  border-width: 0px;\n}\n.dt-icon-bg-on.gallery-carousel-shortcode.gallery-carousel-shortcode-id-12789572746ae4ff61116b3b72fd8a11.gallery-shortcode .gallery-zoom-ico {\n  background: rgba(255,255,255,0.3);\n  box-shadow: none;\n}\n.gallery-carousel-shortcode.gallery-carousel-shortcode-id-12789572746ae4ff61116b3b72fd8a11.gallery-shortcode .gallery-zoom-ico:before,\n.gallery-carousel-shortcode.gallery-carousel-shortcode-id-12789572746ae4ff61116b3b72fd8a11.gallery-shortcode .gallery-zoom-ico span {\n  font-size: 32px;\n  line-height: 44px;\n  color: #ffffff;\n  background: none;\n}<\/style><div class=\"owl-carousel gallery-carousel-shortcode gallery-shortcode  dt-gallery-container dt-owl-carousel-call gallery-carousel-shortcode-id-12789572746ae4ff61116b3b72fd8a11 quick-scale-img enable-bg-rollover meta-info-off dt-arrow-border-on dt-arrow-hover-border-on bullets-small-dot-stroke reposition-arrows dt-icon-bg-off arrows-bg-on disable-arrows-hover-bg arrows-hover-bg-on  hover-fade \" data-scroll-mode=\"1\" data-col-num=\"2\" data-wide-col-num=\"2\" data-laptop-col=\"2\" data-h-tablet-columns-num=\"2\" data-v-tablet-columns-num=\"2\" data-phone-columns-num=\"1\" data-col-gap=\"10\" data-stage-padding=\"0\" data-speed=\"600\" data-autoplay=\"false\" data-autoplay_speed=\"6000\" data-arrows=\"true\" data-bullet=\"false\" data-next-icon=\"icon-ar-017-r\" data-prev-icon=\"icon-ar-017-l\" data-img-shadow-size=\"12px\" data-img-shadow-spread=\"3px\"><div data-post-id=\"2180\" data-date=\"2022-05-02T09:39:45+00:00\" data-name=\"qxc-4\"><figure class=\"post\"><a href=\"https:\/\/mlmt5fy0sjcf.i.optimole.com\/cb:nfRG.27768\/w:auto\/h:auto\/q:mauto\/f:best\/https:\/\/cappelli1930.it\/orange\/wp-content\/uploads\/2022\/05\/qxc-4.jpg\" class=\"rollover dt-pswp-item layzr-bg\" data-large_image_width=\"589\" data-large_image_height=\"641\" data-dt-img-description=\"\" title=\"qxc-4\"><img data-opt-id=539451468  fetchpriority=\"high\" decoding=\"async\" class=\"preload-me owl-lazy-load aspect\" src=\"data:image\/svg+xml,%3Csvg%20xmlns%3D&#39;http%3A%2F%2Fwww.w3.org%2F2000%2Fsvg&#39;%20viewBox%3D&#39;0%200%20589%20589&#39;%2F%3E\" data-src=\"https:\/\/mlmt5fy0sjcf.i.optimole.com\/cb:nfRG.27768\/w:589\/h:589\/q:mauto\/rt:fill\/g:ce\/f:best\/https:\/\/cappelli1930.it\/orange\/wp-content\/uploads\/2022\/05\/qxc-4.jpg\" data-srcset=\"https:\/\/mlmt5fy0sjcf.i.optimole.com\/cb:nfRG.27768\/w:589\/h:589\/q:mauto\/rt:fill\/g:ce\/f:best\/https:\/\/cappelli1930.it\/orange\/wp-content\/uploads\/2022\/05\/qxc-4.jpg 589w\" loading=\"eager\" style=\"--ratio: 589 \/ 589\" sizes=\"(max-width: 589px) 100vw, 589px\" alt=\"\" width=\"589\" height=\"589\"  \/><span class=\"gallery-rollover\"><span class=\"gallery-zoom-ico icomoon-the7-font-the7-zoom-06\"><span><\/span><\/span><\/span><\/a><\/figure><\/div><div data-post-id=\"2182\" data-date=\"2022-05-02T09:39:48+00:00\" data-name=\"Sessione FOOD-085-Modifica-Modifica\"><figure class=\"post\"><a href=\"https:\/\/mlmt5fy0sjcf.i.optimole.com\/cb:nfRG.27768\/w:auto\/h:auto\/q:mauto\/f:best\/https:\/\/cappelli1930.it\/orange\/wp-content\/uploads\/2022\/05\/Sessione-FOOD-085-Modifica-Modifica.jpg\" class=\"rollover dt-pswp-item layzr-bg\" data-large_image_width=\"629\" data-large_image_height=\"689\" data-dt-img-description=\"\" title=\"Sessione FOOD-085-Modifica-Modifica\"><img data-opt-id=539451468  fetchpriority=\"high\" decoding=\"async\" class=\"preload-me owl-lazy-load aspect\" src=\"data:image\/svg+xml,%3Csvg%20xmlns%3D&#39;http%3A%2F%2Fwww.w3.org%2F2000%2Fsvg&#39;%20viewBox%3D&#39;0%200%20629%20629&#39;%2F%3E\" data-src=\"https:\/\/mlmt5fy0sjcf.i.optimole.com\/cb:nfRG.27768\/w:629\/h:629\/q:mauto\/rt:fill\/g:ce\/f:best\/https:\/\/cappelli1930.it\/orange\/wp-content\/uploads\/2022\/05\/Sessione-FOOD-085-Modifica-Modifica.jpg\" data-srcset=\"https:\/\/mlmt5fy0sjcf.i.optimole.com\/cb:nfRG.27768\/w:629\/h:629\/q:mauto\/rt:fill\/g:ce\/f:best\/https:\/\/cappelli1930.it\/orange\/wp-content\/uploads\/2022\/05\/Sessione-FOOD-085-Modifica-Modifica.jpg 629w\" loading=\"eager\" style=\"--ratio: 629 \/ 629\" sizes=\"(max-width: 629px) 100vw, 629px\" alt=\"\" width=\"629\" height=\"629\"  \/><span class=\"gallery-rollover\"><span class=\"gallery-zoom-ico icomoon-the7-font-the7-zoom-06\"><span><\/span><\/span><\/span><\/a><\/figure><\/div><div data-post-id=\"2181\" data-date=\"2022-05-02T09:39:46+00:00\" data-name=\"qxc-4-2\"><figure class=\"post\"><a href=\"https:\/\/mlmt5fy0sjcf.i.optimole.com\/cb:nfRG.27768\/w:auto\/h:auto\/q:mauto\/f:best\/https:\/\/cappelli1930.it\/orange\/wp-content\/uploads\/2022\/05\/qxc-4-2.jpg\" class=\"rollover dt-pswp-item layzr-bg\" data-large_image_width=\"649\" data-large_image_height=\"675\" data-dt-img-description=\"\" title=\"qxc-4-2\"><img data-opt-id=539451468  fetchpriority=\"high\" decoding=\"async\" class=\"preload-me owl-lazy-load aspect\" src=\"data:image\/svg+xml,%3Csvg%20xmlns%3D&#39;http%3A%2F%2Fwww.w3.org%2F2000%2Fsvg&#39;%20viewBox%3D&#39;0%200%20649%20649&#39;%2F%3E\" data-src=\"https:\/\/mlmt5fy0sjcf.i.optimole.com\/cb:nfRG.27768\/w:649\/h:649\/q:mauto\/rt:fill\/g:ce\/f:best\/https:\/\/cappelli1930.it\/orange\/wp-content\/uploads\/2022\/05\/qxc-4-2.jpg\" data-srcset=\"https:\/\/mlmt5fy0sjcf.i.optimole.com\/cb:nfRG.27768\/w:649\/h:649\/q:mauto\/rt:fill\/g:ce\/f:best\/https:\/\/cappelli1930.it\/orange\/wp-content\/uploads\/2022\/05\/qxc-4-2.jpg 649w\" loading=\"eager\" style=\"--ratio: 649 \/ 649\" sizes=\"(max-width: 649px) 100vw, 649px\" alt=\"\" width=\"649\" height=\"649\"  \/><span class=\"gallery-rollover\"><span class=\"gallery-zoom-ico icomoon-the7-font-the7-zoom-06\"><span><\/span><\/span><\/span><\/a><\/figure><\/div><div data-post-id=\"2183\" data-date=\"2022-05-02T09:39:59+00:00\" data-name=\"qxc4-3\"><figure class=\"post\"><a href=\"https:\/\/mlmt5fy0sjcf.i.optimole.com\/cb:nfRG.27768\/w:auto\/h:auto\/q:mauto\/f:best\/https:\/\/cappelli1930.it\/orange\/wp-content\/uploads\/2022\/05\/qxc4-3.jpg\" class=\"rollover dt-pswp-item layzr-bg\" data-large_image_width=\"633\" data-large_image_height=\"681\" data-dt-img-description=\"\" title=\"qxc4-3\"><img data-opt-id=539451468  decoding=\"async\" class=\"preload-me owl-lazy-load aspect\" src=\"data:image\/svg+xml,%3Csvg%20xmlns%3D&#39;http%3A%2F%2Fwww.w3.org%2F2000%2Fsvg&#39;%20viewBox%3D&#39;0%200%20633%20633&#39;%2F%3E\" data-src=\"https:\/\/mlmt5fy0sjcf.i.optimole.com\/cb:nfRG.27768\/w:633\/h:633\/q:mauto\/rt:fill\/g:ce\/f:best\/https:\/\/cappelli1930.it\/orange\/wp-content\/uploads\/2022\/05\/qxc4-3.jpg\" data-srcset=\"https:\/\/mlmt5fy0sjcf.i.optimole.com\/cb:nfRG.27768\/w:633\/h:633\/q:mauto\/rt:fill\/g:ce\/f:best\/https:\/\/cappelli1930.it\/orange\/wp-content\/uploads\/2022\/05\/qxc4-3.jpg 633w\" loading=\"eager\" style=\"--ratio: 633 \/ 633\" sizes=\"(max-width: 633px) 100vw, 633px\" alt=\"\" width=\"633\" height=\"633\"  \/><span class=\"gallery-rollover\"><span class=\"gallery-zoom-ico icomoon-the7-font-the7-zoom-06\"><span><\/span><\/span><\/span><\/a><\/figure><\/div><div data-post-id=\"2184\" data-date=\"2022-05-02T09:40:00+00:00\" data-name=\"Sessione FOOD-085-Modifica\"><figure class=\"post\"><a href=\"https:\/\/mlmt5fy0sjcf.i.optimole.com\/cb:nfRG.27768\/w:auto\/h:auto\/q:mauto\/f:best\/https:\/\/cappelli1930.it\/orange\/wp-content\/uploads\/2022\/05\/Sessione-FOOD-085-Modifica.jpg\" class=\"rollover dt-pswp-item layzr-bg\" data-large_image_width=\"609\" data-large_image_height=\"687\" data-dt-img-description=\"\" title=\"Sessione FOOD-085-Modifica\"><img data-opt-id=539451468  decoding=\"async\" class=\"preload-me owl-lazy-load aspect\" src=\"data:image\/svg+xml,%3Csvg%20xmlns%3D&#39;http%3A%2F%2Fwww.w3.org%2F2000%2Fsvg&#39;%20viewBox%3D&#39;0%200%20609%20609&#39;%2F%3E\" data-src=\"https:\/\/mlmt5fy0sjcf.i.optimole.com\/cb:nfRG.27768\/w:609\/h:609\/q:mauto\/rt:fill\/g:ce\/f:best\/https:\/\/cappelli1930.it\/orange\/wp-content\/uploads\/2022\/05\/Sessione-FOOD-085-Modifica.jpg\" data-srcset=\"https:\/\/mlmt5fy0sjcf.i.optimole.com\/cb:nfRG.27768\/w:609\/h:609\/q:mauto\/rt:fill\/g:ce\/f:best\/https:\/\/cappelli1930.it\/orange\/wp-content\/uploads\/2022\/05\/Sessione-FOOD-085-Modifica.jpg 609w\" loading=\"eager\" style=\"--ratio: 609 \/ 609\" sizes=\"(max-width: 609px) 100vw, 609px\" alt=\"\" width=\"609\" height=\"609\"  \/><span class=\"gallery-rollover\"><span class=\"gallery-zoom-ico icomoon-the7-font-the7-zoom-06\"><span><\/span><\/span><\/span><\/a><\/figure><\/div><\/div>[\/vc_column][vc_column width=&#8221;1\/2&#8243;]<div id=\"ultimate-heading-548469dfb249589d2\" class=\"uvc-heading ult-adjust-bottom-margin ultimate-heading-548469dfb249589d2 uvc-770 \" data-hspacer=\"no_spacer\"  data-halign=\"center\" style=\"text-align:center\"><div class=\"uvc-heading-spacer no_spacer\" style=\"top\"><\/div><div class=\"uvc-main-heading ult-responsive\"  data-ultimate-target='.uvc-heading.ultimate-heading-548469dfb249589d2 h2'  data-responsive-json-new='{\"font-size\":\"desktop:50px;\",\"line-height\":\"\"}' ><h2 style=\"--font-weight:theme;color:#ffffff;\">Spremiagrumi Qxc-4<br \/>\nautomatica<\/h2><\/div><div class=\"uvc-sub-heading ult-responsive\"  data-ultimate-target='.uvc-heading.ultimate-heading-548469dfb249589d2 .uvc-sub-heading '  data-responsive-json-new='{\"font-size\":\"desktop:22px;\",\"line-height\":\"\"}'  style=\"font-weight:normal;color:#000000;\">Professionale adatta ad ogni attivit\u00e0 di ristorazione<\/p>\n<p><strong>EAN\u00a08053800780032<\/strong><\/div><\/div>[\/vc_column][\/vc_row][vc_row type=&#8221;vc_default&#8221; full_width=&#8221;stretch_row&#8221; equal_height=&#8221;yes&#8221; content_placement=&#8221;middle&#8221; bg_type=&#8221;bg_color&#8221; seperator_enable=&#8221;seperator_enable_value&#8221; seperator_type=&#8221;xlarge_triangle_seperator&#8221; seperator_position=&#8221;top_bottom_seperator&#8221; bg_color_value=&#8221;rgba(247,201,121,0.48)&#8221; css=&#8221;.vc_custom_1630078184720{padding-top: 40px !important;padding-bottom: 40px !important;}&#8221;][vc_column width=&#8221;1\/2&#8243;][vc_video link=&#8221;https:\/\/youtu.be\/YHIaPSyaAZM&#8221; css=&#8221;.vc_custom_1670337422529{padding-bottom: 20px !important;}&#8221;][\/vc_column][vc_column width=&#8221;1\/2&#8243;][vc_column_text]La spremiagrumi, automatica e professionale che prepara per te una <strong>spremuta di puro <\/strong><strong>succo d\u2019arancia in 7 secondi, ben 30 arance al minuto.<\/strong><br \/>\nDal design elegante, e molto robusta, dispone di una tecnologia trasparente:<br \/>\nspreme gli agrumi a vista senza schiacciare le bucce per un succo primo di olio essenziale amaro.<\/p>\n<p><strong>Il cestello \u00e8 capiente (fino a 7 kg di arance)<\/strong> e rotante: basta premere un pulsante, la macchina prende l\u2019arancia e la spreme in completa autonomia. Il temporizzatore consente di preimpostare il tempo necessario a riempire di succo un bicchiere o una bottiglietta o una caraffa.<br \/>\nInoltre pu\u00f2 essere messa ad uso autonomo del pubblico perch\u00e9 <strong>\u00e8 super semplice da <\/strong><strong>usare<\/strong>, accattivante e si promuove da s\u00e9.<\/p>\n<p><strong>Studiata per medio\/grandi produzioni, ideale <\/strong><strong>per un servizio rapido e professionale.<\/strong>[\/vc_column_text][\/vc_column][\/vc_row][vc_row type=&#8221;vc_default&#8221; full_width=&#8221;stretch_row&#8221; equal_height=&#8221;yes&#8221; content_placement=&#8221;middle&#8221;][vc_column width=&#8221;1\/2&#8243;][vc_single_image image=&#8221;2248&#8243; img_size=&#8221;large&#8221; alignment=&#8221;center&#8221; css=&#8221;.vc_custom_1666879421006{padding-top: 30px !important;padding-bottom: 30px !important;}&#8221;][\/vc_column][vc_column width=&#8221;1\/2&#8243;]<div id=\"ultimate-heading-891469dfb24958a74\" class=\"uvc-heading ult-adjust-bottom-margin ultimate-heading-891469dfb24958a74 uvc-8859  uvc-heading-default-font-sizes\" data-hspacer=\"no_spacer\"  data-halign=\"left\" style=\"text-align:left\"><div class=\"uvc-heading-spacer no_spacer\" style=\"top\"><\/div><div class=\"uvc-main-heading ult-responsive\"  data-ultimate-target='.uvc-heading.ultimate-heading-891469dfb24958a74 h2'  data-responsive-json-new='{\"font-size\":\"\",\"line-height\":\"\"}' ><h2 style=\"--font-weight:theme;color:#e97d1f;\">Scheda Tecnica<\/h2><\/div><div class=\"uvc-sub-heading ult-responsive\"  data-ultimate-target='.uvc-heading.ultimate-heading-891469dfb24958a74 .uvc-sub-heading '  data-responsive-json-new='{\"font-size\":\"\",\"line-height\":\"\"}'  style=\"font-weight:normal;\"><\/p>\n<ul>\n<li>Alimentazione: 220v 50hz<\/li>\n<li>Potenza: 120w<\/li>\n<li>Produzione: 30 arance al minuto<\/li>\n<li>Dimensioni: 450l 400w 890h mm<\/li>\n<li>Resa: 80-85%<\/li>\n<li>Peso netto: 55 Kg<\/li>\n<li>Diametro massimo arance: 75 mm<\/li>\n<\/ul>\n<p><\/div><\/div>[\/vc_column][\/vc_row][vc_row type=&#8221;vc_default&#8221; full_width=&#8221;stretch_row&#8221; equal_height=&#8221;yes&#8221; content_placement=&#8221;middle&#8221; bg_type=&#8221;bg_color&#8221; bg_color_value=&#8221;#f8b133&#8243; css=&#8221;.vc_custom_1630069729714{padding-top: 20px !important;padding-bottom: 20px !important;}&#8221;][vc_column width=&#8221;1\/3&#8243;][vc_single_image image=&#8221;1861&#8243; alignment=&#8221;center&#8221; style=&#8221;vc_box_border_circle&#8221; title=&#8221;30 Arance al minuto&#8221;][\/vc_column][vc_column width=&#8221;1\/3&#8243;][vc_single_image image=&#8221;1863&#8243; alignment=&#8221;center&#8221; style=&#8221;vc_box_border_circle&#8221; title=&#8221;Risparmio energetico&#8221;][\/vc_column][vc_column width=&#8221;1\/3&#8243;][vc_single_image image=&#8221;1862&#8243; alignment=&#8221;center&#8221; style=&#8221;vc_box_border_circle&#8221; title=&#8221;Facile Pulizia&#8221;][\/vc_column][\/vc_row][vc_row type=&#8221;vc_default&#8221; full_width=&#8221;stretch_row&#8221; equal_height=&#8221;yes&#8221; content_placement=&#8221;middle&#8221; css=&#8221;.vc_custom_1630070102273{padding-top: 30px !important;}&#8221;][vc_column]<div class=\" ubtn-ctn-center \"><a class=\"ubtn-link ult-adjust-bottom-margin ubtn-center ubtn-large \" href=\"https:\/\/cappelli1930.it\/orange\/#!\/contatti\" ><button type=\"button\" id=\"ubtn-6826\"  class=\"ubtn ult-adjust-bottom-margin ult-responsive ubtn-large ubtn-no-hover-bg  none  ubtn-sep-icon ubtn-sep-icon-left  ubtn-center   tooltip-69dfb24958ac5\"  data-hover=\"\" data-border-color=\"\" data-bg=\"#e97d1f\" data-hover-bg=\"#000000\" data-border-hover=\"\" data-shadow-hover=\"\" data-shadow-click=\"none\" data-shadow=\"\" data-shd-shadow=\"\"  data-ultimate-target='#ubtn-6826'  data-responsive-json-new='{\"font-size\":\"desktop:25px;\",\"line-height\":\"\"}'  style=\"font-weight:bold;border:none;background: #e97d1f;color: #ffffff;\"><span class=\"ubtn-data ubtn-icon\"><i class=\"icomoon-the7-font-the7-mail-011\" style=\"font-size:32px;color:;\"><\/i><\/span><span class=\"ubtn-hover\" style=\"background-color:#000000\"><\/span><span class=\"ubtn-data ubtn-text \" >RICHIEDI INFORMAZIONI<\/span><\/button><\/a><\/div>[\/vc_column][\/vc_row]<\/p>\n<\/div>","protected":false},"excerpt":{"rendered":"<p>[vc_row type=&#8221;vc_default&#8221; full_width=&#8221;stretch_row_content&#8221; equal_height=&#8221;yes&#8221; content_placement=&#8221;middle&#8221; bg_type=&#8221;bg_color&#8221; seperator_enable=&#8221;seperator_enable_value&#8221; seperator_type=&#8221;xlarge_triangle_seperator&#8221; seperator_position=&#8221;top_bottom_seperator&#8221; bg_color_value=&#8221;#e97d1f&#8221;][vc_column width=&#8221;1\/2&#8243; css=&#8221;.vc_custom_1630067378650{background-color: #ffffff !important;}&#8221;][\/vc_column][vc_column width=&#8221;1\/2&#8243;][\/vc_column][\/vc_row][vc_row type=&#8221;vc_default&#8221; full_width=&#8221;stretch_row&#8221; equal_height=&#8221;yes&#8221; content_placement=&#8221;middle&#8221; bg_type=&#8221;bg_color&#8221; seperator_enable=&#8221;seperator_enable_value&#8221; seperator_type=&#8221;xlarge_triangle_seperator&#8221; seperator_position=&#8221;top_bottom_seperator&#8221; bg_color_value=&#8221;rgba(247,201,121,0.48)&#8221; css=&#8221;.vc_custom_1630078184720{padding-top: 40px !important;padding-bottom: 40px !important;}&#8221;][vc_column width=&#8221;1\/2&#8243;][vc_video link=&#8221;https:\/\/youtu.be\/YHIaPSyaAZM&#8221; css=&#8221;.vc_custom_1670337422529{padding-bottom: 20px !important;}&#8221;][\/vc_column][vc_column width=&#8221;1\/2&#8243;][vc_column_text]La spremiagrumi, automatica e professionale che prepara per te una spremuta di puro succo d\u2019arancia in 7 secondi, ben 30 arance&hellip;<\/p>\n","protected":false},"author":1,"featured_media":0,"parent":0,"menu_order":0,"comment_status":"closed","ping_status":"closed","template":"","meta":{"footnotes":""},"class_list":["post-1899","page","type-page","status-publish","hentry","description-off"],"_links":{"self":[{"href":"https:\/\/cappelli1930.it\/orange\/wp-json\/wp\/v2\/pages\/1899","targetHints":{"allow":["GET"]}}],"collection":[{"href":"https:\/\/cappelli1930.it\/orange\/wp-json\/wp\/v2\/pages"}],"about":[{"href":"https:\/\/cappelli1930.it\/orange\/wp-json\/wp\/v2\/types\/page"}],"author":[{"embeddable":true,"href":"https:\/\/cappelli1930.it\/orange\/wp-json\/wp\/v2\/users\/1"}],"replies":[{"embeddable":true,"href":"https:\/\/cappelli1930.it\/orange\/wp-json\/wp\/v2\/comments?post=1899"}],"version-history":[{"count":19,"href":"https:\/\/cappelli1930.it\/orange\/wp-json\/wp\/v2\/pages\/1899\/revisions"}],"predecessor-version":[{"id":2315,"href":"https:\/\/cappelli1930.it\/orange\/wp-json\/wp\/v2\/pages\/1899\/revisions\/2315"}],"wp:attachment":[{"href":"https:\/\/cappelli1930.it\/orange\/wp-json\/wp\/v2\/media?parent=1899"}],"curies":[{"name":"wp","href":"https:\/\/api.w.org\/{rel}","templated":true}]}}