{"id":1409,"date":"2019-01-14T10:42:04","date_gmt":"2019-01-14T10:42:04","guid":{"rendered":"https:\/\/qorange.it\/?post_type=product&#038;p=1409"},"modified":"2023-02-03T11:16:06","modified_gmt":"2023-02-03T11:16:06","slug":"ricambi-estrusori","status":"publish","type":"product","link":"https:\/\/cappelli1930.it\/orange\/spremiagrumi-professionale\/ricambi-estrusori\/","title":{"rendered":"Estrusori"},"content":{"rendered":"<h2>Estrusori, componente in plastica.<\/h2>\n<p>Gli estrusori della macchine professionali spremiagrumi Qorange sono accessori che servono a estrarre il succo dagli agrumi. Realizzati in plastica resistente, il loro compito principale \u00e8 quello di premere la frutta contro la griglia di spremitura, estraendo il succo e lasciando la polpa e i residui nella parte superiore della macchina. La facilit\u00e0 di smontaggio, garantisce una maggiore velocit\u00e0 e semplicit\u00e0 a livello di pulizia e la manutenzione.<\/p>\n","protected":false},"excerpt":{"rendered":"<h4>Costo unitario per singolo Estrusore<br \/>\nRicambi per Macchine Spremiagrumi Professionali<\/h4>\n<p>&nbsp;<\/p>\n","protected":false},"featured_media":1410,"comment_status":"open","ping_status":"closed","template":"","meta":[],"product_brand":[],"product_cat":[92],"product_tag":[],"class_list":{"0":"post-1409","1":"product","2":"type-product","3":"status-publish","4":"has-post-thumbnail","6":"product_cat-ricambi-accessori","7":"product_shipping_class-macchine-peso-da-0-a-20-kg","8":"description-off","10":"first","11":"instock","12":"featured","13":"taxable","14":"shipping-taxable","15":"purchasable","16":"product-type-simple"},"_links":{"self":[{"href":"https:\/\/cappelli1930.it\/orange\/wp-json\/wp\/v2\/product\/1409","targetHints":{"allow":["GET"]}}],"collection":[{"href":"https:\/\/cappelli1930.it\/orange\/wp-json\/wp\/v2\/product"}],"about":[{"href":"https:\/\/cappelli1930.it\/orange\/wp-json\/wp\/v2\/types\/product"}],"replies":[{"embeddable":true,"href":"https:\/\/cappelli1930.it\/orange\/wp-json\/wp\/v2\/comments?post=1409"}],"wp:featuredmedia":[{"embeddable":true,"href":"https:\/\/cappelli1930.it\/orange\/wp-json\/wp\/v2\/media\/1410"}],"wp:attachment":[{"href":"https:\/\/cappelli1930.it\/orange\/wp-json\/wp\/v2\/media?parent=1409"}],"wp:term":[{"taxonomy":"product_brand","embeddable":true,"href":"https:\/\/cappelli1930.it\/orange\/wp-json\/wp\/v2\/product_brand?post=1409"},{"taxonomy":"product_cat","embeddable":true,"href":"https:\/\/cappelli1930.it\/orange\/wp-json\/wp\/v2\/product_cat?post=1409"},{"taxonomy":"product_tag","embeddable":true,"href":"https:\/\/cappelli1930.it\/orange\/wp-json\/wp\/v2\/product_tag?post=1409"}],"curies":[{"name":"wp","href":"https:\/\/api.w.org\/{rel}","templated":true}]}}