{"id":2054,"date":"2022-03-09T16:30:08","date_gmt":"2022-03-09T16:30:08","guid":{"rendered":"https:\/\/qorange.it\/?post_type=product&#038;p=2054"},"modified":"2023-02-03T11:02:38","modified_gmt":"2023-02-03T11:02:38","slug":"taglierina-in-acciaio-e-plastica","status":"publish","type":"product","link":"https:\/\/cappelli1930.it\/orange\/spremiagrumi-professionale\/taglierina-in-acciaio-e-plastica\/","title":{"rendered":"Taglierina in acciaio e plastica"},"content":{"rendered":"<p><b>Taglierina ricambio per Spremiagrumi\u00a0<\/b><\/p>\n<p>La taglierina dello spremiagrumi QOrange serve a tagliare gli agrumi in pezzi pi\u00f9 piccoli, facilitando la successiva estrazione del succo. La taglierina \u00e8 realizzata in plastica e acciaio certificati e pu\u00f2 avere diverse forme e dimensioni a seconda del modello di macchina scelto, offrendo la massima funzionalit\u00e0 e durevolezza dell\u2019attrezzatura professionale. Facile da montare e pulire.<\/p>\n","protected":false},"excerpt":{"rendered":"<h4>Taglierina in acciaio e plastica<\/h4>\n<p><b>Ricambi per Macchine Professionali Spremiagrumi della QOrange.<\/b><\/p>\n[dt_default_button link=\"https:\/\/cappelli1930.it\/orange\/#!\/contatti\" button_alignment=\"default\" animation=\"fadeIn\" size=\"medium\" default_btn_bg_color=\"\" bg_hover_color=\"\" text_color=\"\" text_hover_color=\"\" icon=\"fa fa-chevron-circle-right\" icon_align=\"left\"]Richiedi Informazioni[\/dt_default_button]\n<p>&nbsp;<\/p>\n","protected":false},"featured_media":2055,"comment_status":"open","ping_status":"closed","template":"","meta":[],"product_brand":[],"product_cat":[92],"product_tag":[],"class_list":{"0":"post-2054","1":"product","2":"type-product","3":"status-publish","4":"has-post-thumbnail","6":"product_cat-ricambi-accessori","7":"product_shipping_class-macchine-peso-da-0-a-20-kg","8":"description-off","10":"first","11":"instock","12":"featured","13":"taxable","14":"shipping-taxable","15":"product-type-simple"},"_links":{"self":[{"href":"https:\/\/cappelli1930.it\/orange\/wp-json\/wp\/v2\/product\/2054","targetHints":{"allow":["GET"]}}],"collection":[{"href":"https:\/\/cappelli1930.it\/orange\/wp-json\/wp\/v2\/product"}],"about":[{"href":"https:\/\/cappelli1930.it\/orange\/wp-json\/wp\/v2\/types\/product"}],"replies":[{"embeddable":true,"href":"https:\/\/cappelli1930.it\/orange\/wp-json\/wp\/v2\/comments?post=2054"}],"wp:featuredmedia":[{"embeddable":true,"href":"https:\/\/cappelli1930.it\/orange\/wp-json\/wp\/v2\/media\/2055"}],"wp:attachment":[{"href":"https:\/\/cappelli1930.it\/orange\/wp-json\/wp\/v2\/media?parent=2054"}],"wp:term":[{"taxonomy":"product_brand","embeddable":true,"href":"https:\/\/cappelli1930.it\/orange\/wp-json\/wp\/v2\/product_brand?post=2054"},{"taxonomy":"product_cat","embeddable":true,"href":"https:\/\/cappelli1930.it\/orange\/wp-json\/wp\/v2\/product_cat?post=2054"},{"taxonomy":"product_tag","embeddable":true,"href":"https:\/\/cappelli1930.it\/orange\/wp-json\/wp\/v2\/product_tag?post=2054"}],"curies":[{"name":"wp","href":"https:\/\/api.w.org\/{rel}","templated":true}]}}