{"id":1209,"date":"2018-05-23T11:45:15","date_gmt":"2018-05-23T10:45:15","guid":{"rendered":"https:\/\/the7.io\/small-store\/?page_id=1209"},"modified":"2018-12-14T14:23:57","modified_gmt":"2018-12-14T14:23:57","slug":"informativa-cookie","status":"publish","type":"page","link":"https:\/\/cappelli1930.it\/waffles\/informativa-cookie\/","title":{"rendered":"Informativa Cookie"},"content":{"rendered":"<div class=\"wpb-content-wrapper\"><p>[vc_row][vc_column][vc_custom_heading text=&#8221;Informativa Cookie&#8221; use_theme_fonts=&#8221;yes&#8221;][vc_column_text]Il Sito <strong>www.qwaffles.it<\/strong> utilizza i cookie per i seguenti scopi:<\/p>\n<h4>COOKIE TECNICI:<\/h4>\n<p>sono quelli utilizzati al solo fine di \u201ceffettuare la trasmissione di una comunicazione su una rete di comunicazione elettronica, o nella misura strettamente necessaria al fornitore di un servizio della societ\u00e0 dell\u2019informazione esplicitamente richiesto dall\u2019abbonato o dall\u2019utente a erogare tale servizio\u201d (cfr. art. 122, comma 1, del Codice).<\/p>\n<p>Essi non vengono utilizzati per scopi ulteriori e sono normalmente installati direttamente dal titolare o gestore del sito web. Possono essere suddivisi in cookie di navigazione o di sessione, che garantiscono la normale navigazione e fruizione del sito web (permettendo, ad esempio, di realizzare un acquisto o autenticarsi per accedere ad aree riservate); cookie analytics, assimilati ai cookie tecnici laddove utilizzati direttamente dal gestore del sito per raccogliere informazioni, in forma aggregata, sul numero degli utenti e su come questi visitano il sito stesso; cookie di funzionalit\u00e0, che permettono all\u2019utente la navigazione in funzione di una serie di criteri selezionati (ad esempio, la lingua, i prodotti selezionati per l\u2019acquisto) al fine di migliorare il servizio reso allo stesso. Per l\u2019installazione di tali cookie non \u00e8 richiesto il preventivo consenso degli utenti.<\/p>\n<h4>COOKIE DI PROFILAZIONE:<\/h4>\n<p>sono volti a creare profili relativi all\u2019utente e vengono utilizzati al fine di inviare messaggi pubblicitari in linea con le preferenze manifestate dallo stesso nell\u2019ambito della navigazione in rete. Utilizza questi cookie per creare un tuo profilo di navigazione anonimo che le consente di inviarti pubblicit\u00e0 comportamentale o mirata, di mostrarti contenuti e di proporti iniziative commerciali non indirizzate sulla base delle sezioni dei nostri siti che sono risultate pi\u00f9 rilevanti per te e per i tuoi interessi. Anche questi cookie sono gestiti dalla nostra societ\u00e0. cookie di terze parti: Questi cookie permettono di creare un profilo anonimo degli utenti sulla base della loro esperienza di navigazione su questo e tutti gli altri siti. In questo modo \u00e8 possibile fornirti pubblicit\u00e0 mirata sui tuoi interessi invece di pubblicit\u00e0 generica. Questi cookie non sono gestiti dalla nostra societ\u00e0 e vanno sotto il nome di cookie di terze parti. Potete prendere visione della policy privacy delle terze parti ai seguenti link:<br \/>\nGoogle Analytics:\u00a0<a href=\"https:\/\/support.google.com\/analytics\/answer\/6004245\">sistema di statistiche\u00a0<\/a><br \/>\nconteggio conversioni campagne adwords,\u00a0<a href=\"https:\/\/www.google.com\/intl\/it\/policies\/technologies\/types\/\">cookies di conversione\u00a0<\/a><\/p>\n<h4>VISITA\u00a0<a href=\"http:\/\/www.aboutcookies.org\/\">ABOUTCOOKIES.ORG<\/a><\/h4>\n<p>per ulteriori informazioni sui cookies e su come influenzano la tua esperienza di navigazione. \u00c8 comunque possibile disabilitare i cookies direttamente dal proprio browser. Per informazioni pi\u00f9 dettagliate in riferimento alle opzioni di disabilitazione dei cookies ecco l\u2019elenco dei link per la configurazione dei browser. Ulteriori informazioni sulla disabilitazione dei cookie su<\/p>\n<p><a href=\"https:\/\/support.mozilla.org\/it\/kb\/Attivare%20e%20disattivare%20i%20cookie\">Firefox<br \/>\n<\/a><a href=\"http:\/\/www.google.com\/policies\/technologies\/managing\/\">Chrome<br \/>\n<\/a><a href=\"http:\/\/windows.microsoft.com\/it-it\/internet-explorer\/delete-manage-cookies#ie=ie-11\">Internet Explorer<br \/>\n<\/a><a href=\"http:\/\/support.apple.com\/kb\/HT1677?viewlocale=it_IT&amp;locale=it_IT\">Safari<br \/>\n<\/a><a href=\"http:\/\/help.opera.com\/Mac\/12.10\/it\/cookies.html\">Opera<br \/>\n<\/a><\/p>\n<p>Se desideri eliminare i file cookies eventualmente gi\u00e0 presenti sul tuo computer, leggi le istruzioni del tuo browser cliccando sulla voce \u201cAiuto\u201d del relativo menu.<\/p>\n<h4>DIRITTI DEGLI UTENTI GLI UTENTI<\/h4>\n<p>Gli utenti possono esercitare in qualsiasi momento i diritti previsti dall\u2019art. 7 del Codice privacy, al fine di ottenere la conferma dell\u2019esistenza o meno dei loro dati personali e di conoscerne il contenuto e l\u2019origine o chiederne la cancellazione. Le richieste vanno inviate all\u2019indirizzo\u00a0<a href=\"mailto:commerciale@flashmachines.it\">commerciale@italianslowfood.com<\/a>[\/vc_column_text][\/vc_column][\/vc_row]<\/p>\n<\/div>","protected":false},"excerpt":{"rendered":"<p>[vc_row][vc_column][vc_custom_heading text=&#8221;Informativa Cookie&#8221; use_theme_fonts=&#8221;yes&#8221;][vc_column_text]Il Sito www.qwaffles.it utilizza i cookie per i seguenti scopi: COOKIE TECNICI: sono quelli utilizzati al solo fine di \u201ceffettuare la trasmissione di una comunicazione su una rete di comunicazione elettronica, o nella misura strettamente necessaria al fornitore di un servizio della societ\u00e0 dell\u2019informazione esplicitamente richiesto dall\u2019abbonato o dall\u2019utente a erogare tale&hellip;<\/p>\n","protected":false},"author":1,"featured_media":0,"parent":0,"menu_order":0,"comment_status":"closed","ping_status":"closed","template":"","meta":{"footnotes":""},"class_list":["post-1209","page","type-page","status-publish","hentry","description-off"],"aioseo_notices":[],"_links":{"self":[{"href":"https:\/\/cappelli1930.it\/waffles\/wp-json\/wp\/v2\/pages\/1209","targetHints":{"allow":["GET"]}}],"collection":[{"href":"https:\/\/cappelli1930.it\/waffles\/wp-json\/wp\/v2\/pages"}],"about":[{"href":"https:\/\/cappelli1930.it\/waffles\/wp-json\/wp\/v2\/types\/page"}],"author":[{"embeddable":true,"href":"https:\/\/cappelli1930.it\/waffles\/wp-json\/wp\/v2\/users\/1"}],"replies":[{"embeddable":true,"href":"https:\/\/cappelli1930.it\/waffles\/wp-json\/wp\/v2\/comments?post=1209"}],"version-history":[{"count":2,"href":"https:\/\/cappelli1930.it\/waffles\/wp-json\/wp\/v2\/pages\/1209\/revisions"}],"predecessor-version":[{"id":1306,"href":"https:\/\/cappelli1930.it\/waffles\/wp-json\/wp\/v2\/pages\/1209\/revisions\/1306"}],"wp:attachment":[{"href":"https:\/\/cappelli1930.it\/waffles\/wp-json\/wp\/v2\/media?parent=1209"}],"curies":[{"name":"wp","href":"https:\/\/api.w.org\/{rel}","templated":true}]}}